{"id":12,"date":"2024-08-22T19:40:50","date_gmt":"2024-08-22T19:40:50","guid":{"rendered":"https:\/\/fgenesis.com\/?page_id=12"},"modified":"2024-09-12T13:02:07","modified_gmt":"2024-09-12T13:02:07","slug":"nosotros","status":"publish","type":"page","link":"https:\/\/fgenesis.com\/index.php\/nosotros\/","title":{"rendered":"Nosotros"},"content":{"rendered":"<p><strong>Quienes somos<\/strong><\/p>\n<p>Somos una empresa que se dedica a la comercializaci\u00f3n de medicamentos y productos relacionados con la salud para crear una oferta de valor que responda a las necesidades de cada uno de nuestros clientes<\/p>\n<p><strong>Visi\u00f3n<\/strong><\/p>\n<p>Ser Reconocidos en la zona como una cadena de farmacias que se preocupa por suplir las necesidades farmac\u00e9uticas y cosm\u00e9ticas. Sobre la base de la calidad, innovaci\u00f3n y renovaci\u00f3n constante de inventarios.<\/p>\n<p><strong>Misi\u00f3n<\/strong><\/p>\n<p>Dar un excelente servicio de atenci\u00f3n especializado, con un personal calificado, Posicion\u00e1ndonos en la zona como una empresa de calidad humana.<\/p>\n<div id='gallery-1' class='gallery galleryid-12 gallery-columns-4 gallery-size-thumbnail'><figure class='gallery-item'>\n\t\t\t<div class='gallery-icon landscape'>\n\t\t\t\t<a href='https:\/\/fgenesis.com\/index.php\/nosotros\/01-2\/'><img loading=\"lazy\" decoding=\"async\" width=\"150\" height=\"150\" src=\"https:\/\/fgenesis.com\/wp-content\/uploads\/2024\/09\/01-150x150.jpg\" class=\"attachment-thumbnail size-thumbnail\" alt=\"\" \/><\/a>\n\t\t\t<\/div><\/figure><figure class='gallery-item'>\n\t\t\t<div class='gallery-icon landscape'>\n\t\t\t\t<a href='https:\/\/fgenesis.com\/index.php\/nosotros\/attachment\/02\/'><img loading=\"lazy\" decoding=\"async\" width=\"150\" height=\"150\" src=\"https:\/\/fgenesis.com\/wp-content\/uploads\/2024\/09\/02-150x150.jpg\" class=\"attachment-thumbnail size-thumbnail\" alt=\"\" \/><\/a>\n\t\t\t<\/div><\/figure><figure class='gallery-item'>\n\t\t\t<div class='gallery-icon landscape'>\n\t\t\t\t<a href='https:\/\/fgenesis.com\/index.php\/nosotros\/03-2\/'><img loading=\"lazy\" decoding=\"async\" width=\"150\" height=\"150\" src=\"https:\/\/fgenesis.com\/wp-content\/uploads\/2024\/09\/03-150x150.jpg\" class=\"attachment-thumbnail size-thumbnail\" alt=\"\" \/><\/a>\n\t\t\t<\/div><\/figure><figure class='gallery-item'>\n\t\t\t<div class='gallery-icon portrait'>\n\t\t\t\t<a href='https:\/\/fgenesis.com\/index.php\/nosotros\/hombf\/'><img loading=\"lazy\" decoding=\"async\" width=\"150\" height=\"150\" src=\"https:\/\/fgenesis.com\/wp-content\/uploads\/2024\/09\/hombf-150x150.jpg\" class=\"attachment-thumbnail size-thumbnail\" alt=\"\" \/><\/a>\n\t\t\t<\/div><\/figure><figure class='gallery-item'>\n\t\t\t<div class='gallery-icon landscape'>\n\t\t\t\t<a href='https:\/\/fgenesis.com\/index.php\/2024\/08\/28\/farmacia-genesis-puerto-viejo-de-sarapiqui\/attachment\/03\/'><img loading=\"lazy\" decoding=\"async\" width=\"150\" height=\"150\" src=\"https:\/\/fgenesis.com\/wp-content\/uploads\/2024\/08\/03-150x150.jpg\" class=\"attachment-thumbnail size-thumbnail\" alt=\"\" \/><\/a>\n\t\t\t<\/div><\/figure><figure class='gallery-item'>\n\t\t\t<div class='gallery-icon landscape'>\n\t\t\t\t<a href='https:\/\/fgenesis.com\/index.php\/2024\/08\/23\/farmacia-genesis-batan\/batan\/'><img loading=\"lazy\" decoding=\"async\" width=\"150\" height=\"150\" src=\"https:\/\/fgenesis.com\/wp-content\/uploads\/2024\/08\/batan-150x150.jpg\" class=\"attachment-thumbnail size-thumbnail\" alt=\"\" \/><\/a>\n\t\t\t<\/div><\/figure><figure class='gallery-item'>\n\t\t\t<div class='gallery-icon landscape'>\n\t\t\t\t<a href='https:\/\/fgenesis.com\/index.php\/2024\/08\/23\/farmacia-genesis-3\/cariar\/'><img loading=\"lazy\" decoding=\"async\" width=\"150\" height=\"150\" src=\"https:\/\/fgenesis.com\/wp-content\/uploads\/2024\/08\/cariar--150x150.jpg\" class=\"attachment-thumbnail size-thumbnail\" alt=\"\" \/><\/a>\n\t\t\t<\/div><\/figure><figure class='gallery-item'>\n\t\t\t<div class='gallery-icon landscape'>\n\t\t\t\t<a href='https:\/\/fgenesis.com\/index.php\/2024\/08\/23\/farmacia-genesis-2\/cariari-2\/'><img loading=\"lazy\" decoding=\"async\" width=\"150\" height=\"150\" src=\"https:\/\/fgenesis.com\/wp-content\/uploads\/2024\/08\/cariari-2-150x150.jpg\" class=\"attachment-thumbnail size-thumbnail\" alt=\"\" \/><\/a>\n\t\t\t<\/div><\/figure><figure class='gallery-item'>\n\t\t\t<div class='gallery-icon landscape'>\n\t\t\t\t<a href='https:\/\/fgenesis.com\/index.php\/2024\/08\/28\/farmacias-genesis-ticaban-guapiles\/ticaban\/'><img loading=\"lazy\" decoding=\"async\" width=\"150\" height=\"150\" src=\"https:\/\/fgenesis.com\/wp-content\/uploads\/2024\/08\/ticaban-150x150.jpg\" class=\"attachment-thumbnail size-thumbnail\" alt=\"\" \/><\/a>\n\t\t\t<\/div><\/figure><figure class='gallery-item'>\n\t\t\t<div class='gallery-icon landscape'>\n\t\t\t\t<a href='https:\/\/fgenesis.com\/index.php\/2024\/08\/28\/farmacia-genesis-la-virgen-sarapiqui\/la-virgen-sarapiqui\/'><img loading=\"lazy\" decoding=\"async\" width=\"150\" height=\"150\" src=\"https:\/\/fgenesis.com\/wp-content\/uploads\/2024\/08\/la-virgen-sarapiqui-150x150.jpg\" class=\"attachment-thumbnail size-thumbnail\" alt=\"\" \/><\/a>\n\t\t\t<\/div><\/figure><figure class='gallery-item'>\n\t\t\t<div class='gallery-icon landscape'>\n\t\t\t\t<a href='https:\/\/fgenesis.com\/index.php\/2024\/08\/28\/farmacia-genesis-puerto-viejo-de-sarapiqui-2\/sarapiqui\/'><img loading=\"lazy\" decoding=\"async\" width=\"150\" height=\"150\" src=\"https:\/\/fgenesis.com\/wp-content\/uploads\/2024\/08\/sarapiqui-150x150.jpg\" class=\"attachment-thumbnail size-thumbnail\" alt=\"\" \/><\/a>\n\t\t\t<\/div><\/figure><figure class='gallery-item'>\n\t\t\t<div class='gallery-icon landscape'>\n\t\t\t\t<a href='https:\/\/fgenesis.com\/index.php\/2024\/08\/28\/farmacia-genesis-siquirres-limon-costa-rica\/siquirres\/'><img loading=\"lazy\" decoding=\"async\" width=\"150\" height=\"150\" src=\"https:\/\/fgenesis.com\/wp-content\/uploads\/2024\/08\/siquirres-150x150.jpg\" class=\"attachment-thumbnail size-thumbnail\" alt=\"\" \/><\/a>\n\t\t\t<\/div><\/figure>\n\t\t<\/div>\n\n<p>&nbsp;<\/p>\n","protected":false},"excerpt":{"rendered":"<p>Quienes somos Somos una empresa que se dedica a la comercializaci\u00f3n de medicamentos y productos relacionados con la salud para crear una oferta de valor que responda a las necesidades de cada uno de nuestros clientes Visi\u00f3n Ser Reconocidos en la zona como una cadena de farmacias que se preocupa por suplir las necesidades farmac\u00e9uticas [&hellip;]<\/p>\n","protected":false},"author":1,"featured_media":0,"parent":0,"menu_order":0,"comment_status":"closed","ping_status":"closed","template":"","meta":{"footnotes":""},"class_list":["post-12","page","type-page","status-publish","hentry"],"_links":{"self":[{"href":"https:\/\/fgenesis.com\/index.php\/wp-json\/wp\/v2\/pages\/12","targetHints":{"allow":["GET"]}}],"collection":[{"href":"https:\/\/fgenesis.com\/index.php\/wp-json\/wp\/v2\/pages"}],"about":[{"href":"https:\/\/fgenesis.com\/index.php\/wp-json\/wp\/v2\/types\/page"}],"author":[{"embeddable":true,"href":"https:\/\/fgenesis.com\/index.php\/wp-json\/wp\/v2\/users\/1"}],"replies":[{"embeddable":true,"href":"https:\/\/fgenesis.com\/index.php\/wp-json\/wp\/v2\/comments?post=12"}],"version-history":[{"count":5,"href":"https:\/\/fgenesis.com\/index.php\/wp-json\/wp\/v2\/pages\/12\/revisions"}],"predecessor-version":[{"id":175,"href":"https:\/\/fgenesis.com\/index.php\/wp-json\/wp\/v2\/pages\/12\/revisions\/175"}],"wp:attachment":[{"href":"https:\/\/fgenesis.com\/index.php\/wp-json\/wp\/v2\/media?parent=12"}],"curies":[{"name":"wp","href":"https:\/\/api.w.org\/{rel}","templated":true}]}}